{"id":17422,"date":"2020-06-26T18:52:56","date_gmt":"2020-06-26T18:52:56","guid":{"rendered":"https:\/\/andaramonte.pt\/wp\/tours\/"},"modified":"2025-11-05T23:42:53","modified_gmt":"2025-11-05T23:42:53","slug":"tours","status":"publish","type":"page","link":"https:\/\/andaramonte.pt\/en\/tours\/","title":{"rendered":"Tours"},"content":{"rendered":"\t\t<div data-elementor-type=\"wp-page\" data-elementor-id=\"17422\" class=\"elementor elementor-17422 elementor-17169\">\n\t\t\t\t\t\t<div class=\"elementor-inner\">\n\t\t\t\t<div class=\"elementor-section-wrap\">\n\t\t\t\t\t\t\t\t\t<section class=\"elementor-section elementor-top-section elementor-element elementor-element-99c033e elementor-section-height-min-height elementor-section-boxed elementor-section-height-default elementor-section-items-middle\" data-id=\"99c033e\" data-element_type=\"section\">\n\t\t\t\t\t\t<div class=\"elementor-container elementor-column-gap-default\">\n\t\t\t\t\t\t\t<div class=\"elementor-row\">\n\t\t\t\t\t<div class=\"elementor-column elementor-col-100 elementor-top-column elementor-element elementor-element-b88eeb3\" data-id=\"b88eeb3\" data-element_type=\"column\">\n\t\t\t<div class=\"elementor-column-wrap elementor-element-populated\">\n\t\t\t\t\t\t\t<div class=\"elementor-widget-wrap\">\n\t\t\t\t\t\t<div class=\"elementor-element elementor-element-78cd20b elementor-widget elementor-widget-heading\" data-id=\"78cd20b\" data-element_type=\"widget\" data-widget_type=\"heading.default\">\n\t\t\t\t<div class=\"elementor-widget-container\">\n\t\t\t<h2 class=\"elementor-heading-title elementor-size-default\">Walk the ancient paths of Evoramonte<\/h2>\t\t<\/div>\n\t\t\t\t<\/div>\n\t\t\t\t\t\t<\/div>\n\t\t\t\t\t<\/div>\n\t\t<\/div>\n\t\t\t\t\t\t\t\t<\/div>\n\t\t\t\t\t<\/div>\n\t\t<\/section>\n\t\t\t\t<section class=\"elementor-section elementor-top-section elementor-element elementor-element-d7e7808 elementor-section-boxed elementor-section-height-default elementor-section-height-default\" data-id=\"d7e7808\" data-element_type=\"section\">\n\t\t\t\t\t\t<div class=\"elementor-container elementor-column-gap-default\">\n\t\t\t\t\t\t\t<div class=\"elementor-row\">\n\t\t\t\t\t<div class=\"elementor-column elementor-col-100 elementor-top-column elementor-element elementor-element-6f191c9\" data-id=\"6f191c9\" data-element_type=\"column\">\n\t\t\t<div class=\"elementor-column-wrap elementor-element-populated\">\n\t\t\t\t\t\t\t<div class=\"elementor-widget-wrap\">\n\t\t\t\t\t\t<div class=\"elementor-element elementor-element-64c2788 elementor-arrows-position-inside elementor-pagination-position-outside elementor-widget elementor-widget-image-carousel\" data-id=\"64c2788\" data-element_type=\"widget\" data-settings=\"{&quot;slides_to_show&quot;:&quot;1&quot;,&quot;pause_on_hover&quot;:&quot;no&quot;,&quot;autoplay_speed&quot;:6000,&quot;speed&quot;:600,&quot;navigation&quot;:&quot;both&quot;,&quot;autoplay&quot;:&quot;yes&quot;,&quot;pause_on_interaction&quot;:&quot;yes&quot;,&quot;infinite&quot;:&quot;yes&quot;,&quot;effect&quot;:&quot;slide&quot;}\" data-widget_type=\"image-carousel.default\">\n\t\t\t\t<div class=\"elementor-widget-container\">\n\t\t\t\t\t<div class=\"elementor-image-carousel-wrapper swiper-container\" dir=\"ltr\">\n\t\t\t<div class=\"elementor-image-carousel swiper-wrapper\">\n\t\t\t\t\t\t\t\t<div class=\"swiper-slide\"><figure class=\"swiper-slide-inner\"><img decoding=\"async\" class=\"swiper-slide-image\" src=\"https:\/\/andaramonte.pt\/wp-content\/uploads\/2025\/10\/SAM_5795-2048x1536.jpg\" alt=\"SAM_5795\" \/><\/figure><\/div><div class=\"swiper-slide\"><figure class=\"swiper-slide-inner\"><img decoding=\"async\" class=\"swiper-slide-image\" src=\"https:\/\/andaramonte.pt\/wp-content\/uploads\/2020\/01\/SAM_5808.jpg\" alt=\"SAM_5808\" \/><\/figure><\/div><div class=\"swiper-slide\"><figure class=\"swiper-slide-inner\"><img decoding=\"async\" class=\"swiper-slide-image\" src=\"https:\/\/andaramonte.pt\/wp-content\/uploads\/2020\/01\/SAM_5800.jpg\" alt=\"SAM_5800\" \/><\/figure><\/div><div class=\"swiper-slide\"><figure class=\"swiper-slide-inner\"><img decoding=\"async\" class=\"swiper-slide-image\" src=\"https:\/\/andaramonte.pt\/wp-content\/uploads\/2021\/01\/andar-a-monte-montado-2.jpg\" alt=\"andar-a-monte-montado-2\" \/><\/figure><\/div>\t\t\t<\/div>\n\t\t\t\t\t\t\t\t\t\t\t\t<div class=\"swiper-pagination\"><\/div>\n\t\t\t\t\t\t\t\t\t\t\t\t\t<div class=\"elementor-swiper-button elementor-swiper-button-prev\">\n\t\t\t\t\t\t<i aria-hidden=\"true\" class=\"eicon-chevron-left\"><\/i>\t\t\t\t\t\t<span class=\"elementor-screen-only\">Previous<\/span>\n\t\t\t\t\t<\/div>\n\t\t\t\t\t<div class=\"elementor-swiper-button elementor-swiper-button-next\">\n\t\t\t\t\t\t<i aria-hidden=\"true\" class=\"eicon-chevron-right\"><\/i>\t\t\t\t\t\t<span class=\"elementor-screen-only\">Next<\/span>\n\t\t\t\t\t<\/div>\n\t\t\t\t\t\t\t\t\t<\/div>\n\t\t\t\t<\/div>\n\t\t\t\t<\/div>\n\t\t\t\t\t\t<\/div>\n\t\t\t\t\t<\/div>\n\t\t<\/div>\n\t\t\t\t\t\t\t\t<\/div>\n\t\t\t\t\t<\/div>\n\t\t<\/section>\n\t\t\t\t<section class=\"elementor-section elementor-top-section elementor-element elementor-element-9e7d48e elementor-section-stretched elementor-section-full_width elementor-section-height-default elementor-section-height-default\" data-id=\"9e7d48e\" data-element_type=\"section\" id=\"vila\" data-settings=\"{&quot;stretch_section&quot;:&quot;section-stretched&quot;,&quot;background_background&quot;:&quot;classic&quot;}\">\n\t\t\t\t\t\t<div class=\"elementor-container elementor-column-gap-no\">\n\t\t\t\t\t\t\t<div class=\"elementor-row\">\n\t\t\t\t\t<div class=\"elementor-column elementor-col-33 elementor-top-column elementor-element elementor-element-538a772\" data-id=\"538a772\" data-element_type=\"column\">\n\t\t\t<div class=\"elementor-column-wrap elementor-element-populated\">\n\t\t\t\t\t\t\t<div class=\"elementor-widget-wrap\">\n\t\t\t\t\t\t<div class=\"elementor-element elementor-element-6df9a61 elementor-widget elementor-widget-image\" data-id=\"6df9a61\" data-element_type=\"widget\" data-widget_type=\"image.default\">\n\t\t\t\t<div class=\"elementor-widget-container\">\n\t\t\t\t\t\t\t\t<div class=\"elementor-image\">\n\t\t\t\t\t\t\t\t\t\t\t\t<img loading=\"lazy\" decoding=\"async\" width=\"1365\" height=\"2048\" src=\"https:\/\/andaramonte.pt\/wp-content\/uploads\/2025\/07\/IMG_4107-1365x2048.jpg\" class=\"attachment-2048x2048 size-2048x2048 wp-image-18977\" alt=\"\" srcset=\"https:\/\/andaramonte.pt\/wp-content\/uploads\/2025\/07\/IMG_4107-1365x2048.jpg 1365w, https:\/\/andaramonte.pt\/wp-content\/uploads\/2025\/07\/IMG_4107-200x300.jpg 200w, https:\/\/andaramonte.pt\/wp-content\/uploads\/2025\/07\/IMG_4107-683x1024.jpg 683w, https:\/\/andaramonte.pt\/wp-content\/uploads\/2025\/07\/IMG_4107-768x1152.jpg 768w, https:\/\/andaramonte.pt\/wp-content\/uploads\/2025\/07\/IMG_4107-1024x1536.jpg 1024w, https:\/\/andaramonte.pt\/wp-content\/uploads\/2025\/07\/IMG_4107-600x900.jpg 600w, https:\/\/andaramonte.pt\/wp-content\/uploads\/2025\/07\/IMG_4107-scaled.jpg 1707w\" sizes=\"(max-width: 1365px) 100vw, 1365px\" \/>\t\t\t\t\t\t\t\t\t\t\t\t\t\t<\/div>\n\t\t\t\t\t\t<\/div>\n\t\t\t\t<\/div>\n\t\t\t\t\t\t<\/div>\n\t\t\t\t\t<\/div>\n\t\t<\/div>\n\t\t\t\t<div class=\"elementor-column elementor-col-66 elementor-top-column elementor-element elementor-element-37895ff\" data-id=\"37895ff\" data-element_type=\"column\" data-settings=\"{&quot;background_background&quot;:&quot;classic&quot;}\">\n\t\t\t<div class=\"elementor-column-wrap elementor-element-populated\">\n\t\t\t\t\t\t\t<div class=\"elementor-widget-wrap\">\n\t\t\t\t\t\t<div class=\"elementor-element elementor-element-abc2500 elementor-widget elementor-widget-heading\" data-id=\"abc2500\" data-element_type=\"widget\" id=\"a-vila\" data-widget_type=\"heading.default\">\n\t\t\t\t<div class=\"elementor-widget-container\">\n\t\t\t<h1 class=\"elementor-heading-title elementor-size-default\">The Village<\/h1>\t\t<\/div>\n\t\t\t\t<\/div>\n\t\t\t\t<div class=\"elementor-element elementor-element-af3f512 elementor-widget elementor-widget-text-editor\" data-id=\"af3f512\" data-element_type=\"widget\" data-widget_type=\"text-editor.default\">\n\t\t\t\t<div class=\"elementor-widget-container\">\n\t\t\t\t\t\t\t\t<div class=\"elementor-text-editor elementor-clearfix\">\n\t\t\t\t<p>This walk follows a route inside the castle walls, although on occasion we might leave the walled grounds to observe some special point of interest, event or natural phenomenon.<br \/>\nVery accessible, the route takes in the main points of historical and cultural interest of the neighbourhood, based on our recounting of the history of Evoramonte. It includes a visit to the Tower and the Chapel of Mercy (booking required).<\/p>\n\t\t\t\t\t<\/div>\n\t\t\t\t\t\t<\/div>\n\t\t\t\t<\/div>\n\t\t\t\t<div class=\"elementor-element elementor-element-ad9d032 elementor-widget elementor-widget-text-editor\" data-id=\"ad9d032\" data-element_type=\"widget\" data-widget_type=\"text-editor.default\">\n\t\t\t\t<div class=\"elementor-widget-container\">\n\t\t\t\t\t\t\t\t<div class=\"elementor-text-editor elementor-clearfix\">\n\t\t\t\t<p><span style=\"font-family: Calibri, serif;\"><span lang=\"pt-PT\">Level of difficulty: <strong>easy<\/strong><\/span><\/span><\/p>\n<p><span style=\"font-family: Calibri, serif;\"><span lang=\"pt-PT\">Duration: <strong>2 hours<\/strong><\/span><\/span><\/p>\n<p><span style=\"font-family: Calibri, serif;\"><span lang=\"pt-PT\">Price: <strong>30 \u20ac per person<\/strong><\/span><\/span><\/p>\n\t\t\t\t\t<\/div>\n\t\t\t\t\t\t<\/div>\n\t\t\t\t<\/div>\n\t\t\t\t\t\t<\/div>\n\t\t\t\t\t<\/div>\n\t\t<\/div>\n\t\t\t\t\t\t\t\t<\/div>\n\t\t\t\t\t<\/div>\n\t\t<\/section>\n\t\t\t\t<section class=\"elementor-section elementor-top-section elementor-element elementor-element-2525a27 elementor-section-stretched elementor-section-full_width elementor-section-height-default elementor-section-height-default\" data-id=\"2525a27\" data-element_type=\"section\" id=\"ermidas\" data-settings=\"{&quot;stretch_section&quot;:&quot;section-stretched&quot;,&quot;background_background&quot;:&quot;classic&quot;}\">\n\t\t\t\t\t\t<div class=\"elementor-container elementor-column-gap-no\">\n\t\t\t\t\t\t\t<div class=\"elementor-row\">\n\t\t\t\t\t<div class=\"elementor-column elementor-col-66 elementor-top-column elementor-element elementor-element-f8a944c\" data-id=\"f8a944c\" data-element_type=\"column\" data-settings=\"{&quot;background_background&quot;:&quot;classic&quot;}\">\n\t\t\t<div class=\"elementor-column-wrap elementor-element-populated\">\n\t\t\t\t\t\t\t<div class=\"elementor-widget-wrap\">\n\t\t\t\t\t\t<div class=\"elementor-element elementor-element-318fc9f elementor-widget elementor-widget-heading\" data-id=\"318fc9f\" data-element_type=\"widget\" data-widget_type=\"heading.default\">\n\t\t\t\t<div class=\"elementor-widget-container\">\n\t\t\t<h1 class=\"elementor-heading-title elementor-size-default\">Hermitages<\/h1>\t\t<\/div>\n\t\t\t\t<\/div>\n\t\t\t\t<div class=\"elementor-element elementor-element-7037f17 elementor-widget elementor-widget-text-editor\" data-id=\"7037f17\" data-element_type=\"widget\" data-widget_type=\"text-editor.default\">\n\t\t\t\t<div class=\"elementor-widget-container\">\n\t\t\t\t\t\t\t\t<div class=\"elementor-text-editor elementor-clearfix\">\n\t\t\t\t<p>There are a large number of hermitages in the area surrounding Evoramonte, and on this route we will show some of them to our visitors.<br \/>\nThe route has a certain level of difficulty due to the irregular terrain encountered and some steep ascents and descents, such is the lay of the land here. It is, however, possible to adapt the route to avoid these difficult sections to suit visitors with reduced mobility.<br \/>\nIn total, the route takes in five hermitages outside the castle: Santa Margarida, S\u00e3o Sebasti\u00e3o, Santo Est\u00eav\u00e3o, Santa Rita e S\u00e3o Marcos, as well as visiting some ancient wells that provided water to the village in times past.<br \/>\nThe route itself is spectacular: it winds through scenic countryside, following ancient olive groves flanked by centuries-old olive trees.<\/p>\n\t\t\t\t\t<\/div>\n\t\t\t\t\t\t<\/div>\n\t\t\t\t<\/div>\n\t\t\t\t<div class=\"elementor-element elementor-element-ff8b96f elementor-widget elementor-widget-text-editor\" data-id=\"ff8b96f\" data-element_type=\"widget\" data-widget_type=\"text-editor.default\">\n\t\t\t\t<div class=\"elementor-widget-container\">\n\t\t\t\t\t\t\t\t<div class=\"elementor-text-editor elementor-clearfix\">\n\t\t\t\t<p><span style=\"font-family: Calibri, serif;\"><span lang=\"pt-PT\">Level of difficulty: <strong>medium<\/strong><\/span><\/span><\/p>\n<p><span style=\"font-family: Calibri, serif;\"><span lang=\"pt-PT\">Duration: <strong>3 to 4 hours<\/strong><\/span><\/span><\/p>\n<p><span style=\"font-family: Calibri, serif;\"><span lang=\"pt-PT\">Price: <strong>35 \u20ac per person<\/strong><\/span><\/span><\/p>\n\t\t\t\t\t<\/div>\n\t\t\t\t\t\t<\/div>\n\t\t\t\t<\/div>\n\t\t\t\t\t\t<\/div>\n\t\t\t\t\t<\/div>\n\t\t<\/div>\n\t\t\t\t<div class=\"elementor-column elementor-col-33 elementor-top-column elementor-element elementor-element-affb2b7\" data-id=\"affb2b7\" data-element_type=\"column\">\n\t\t\t<div class=\"elementor-column-wrap elementor-element-populated\">\n\t\t\t\t\t\t\t<div class=\"elementor-widget-wrap\">\n\t\t\t\t\t\t<div class=\"elementor-element elementor-element-af010d5 elementor-widget elementor-widget-image\" data-id=\"af010d5\" data-element_type=\"widget\" data-widget_type=\"image.default\">\n\t\t\t\t<div class=\"elementor-widget-container\">\n\t\t\t\t\t\t\t\t<div class=\"elementor-image\">\n\t\t\t\t\t\t\t\t\t\t\t\t<img loading=\"lazy\" decoding=\"async\" width=\"1200\" height=\"1600\" src=\"https:\/\/andaramonte.pt\/wp-content\/uploads\/2020\/06\/andaramonte-ermida-2.jpg\" class=\"attachment-2048x2048 size-2048x2048 wp-image-17338\" alt=\"\" srcset=\"https:\/\/andaramonte.pt\/wp-content\/uploads\/2020\/06\/andaramonte-ermida-2.jpg 1200w, https:\/\/andaramonte.pt\/wp-content\/uploads\/2020\/06\/andaramonte-ermida-2-225x300.jpg 225w, https:\/\/andaramonte.pt\/wp-content\/uploads\/2020\/06\/andaramonte-ermida-2-768x1024.jpg 768w, https:\/\/andaramonte.pt\/wp-content\/uploads\/2020\/06\/andaramonte-ermida-2-1152x1536.jpg 1152w, https:\/\/andaramonte.pt\/wp-content\/uploads\/2020\/06\/andaramonte-ermida-2-600x800.jpg 600w, https:\/\/andaramonte.pt\/wp-content\/uploads\/2020\/06\/andaramonte-ermida-2-700x933.jpg 700w\" sizes=\"(max-width: 1200px) 100vw, 1200px\" \/>\t\t\t\t\t\t\t\t\t\t\t\t\t\t<\/div>\n\t\t\t\t\t\t<\/div>\n\t\t\t\t<\/div>\n\t\t\t\t\t\t<\/div>\n\t\t\t\t\t<\/div>\n\t\t<\/div>\n\t\t\t\t\t\t\t\t<\/div>\n\t\t\t\t\t<\/div>\n\t\t<\/section>\n\t\t\t\t<section class=\"elementor-section elementor-top-section elementor-element elementor-element-0c82d52 elementor-section-stretched elementor-section-full_width elementor-section-height-default elementor-section-height-default\" data-id=\"0c82d52\" data-element_type=\"section\" id=\"castelo\" data-settings=\"{&quot;stretch_section&quot;:&quot;section-stretched&quot;,&quot;background_background&quot;:&quot;classic&quot;}\">\n\t\t\t\t\t\t<div class=\"elementor-container elementor-column-gap-no\">\n\t\t\t\t\t\t\t<div class=\"elementor-row\">\n\t\t\t\t\t<div class=\"elementor-column elementor-col-33 elementor-top-column elementor-element elementor-element-b0851ea\" data-id=\"b0851ea\" data-element_type=\"column\">\n\t\t\t<div class=\"elementor-column-wrap elementor-element-populated\">\n\t\t\t\t\t\t\t<div class=\"elementor-widget-wrap\">\n\t\t\t\t\t\t<div class=\"elementor-element elementor-element-8af9653 elementor-widget elementor-widget-image\" data-id=\"8af9653\" data-element_type=\"widget\" data-widget_type=\"image.default\">\n\t\t\t\t<div class=\"elementor-widget-container\">\n\t\t\t\t\t\t\t\t<div class=\"elementor-image\">\n\t\t\t\t\t\t\t\t\t\t\t\t<img loading=\"lazy\" decoding=\"async\" width=\"1200\" height=\"1600\" src=\"https:\/\/andaramonte.pt\/wp-content\/uploads\/2020\/06\/andaramonte-volta-castelo-1.jpg\" class=\"attachment-2048x2048 size-2048x2048 wp-image-17347\" alt=\"\" srcset=\"https:\/\/andaramonte.pt\/wp-content\/uploads\/2020\/06\/andaramonte-volta-castelo-1.jpg 1200w, https:\/\/andaramonte.pt\/wp-content\/uploads\/2020\/06\/andaramonte-volta-castelo-1-225x300.jpg 225w, https:\/\/andaramonte.pt\/wp-content\/uploads\/2020\/06\/andaramonte-volta-castelo-1-768x1024.jpg 768w, https:\/\/andaramonte.pt\/wp-content\/uploads\/2020\/06\/andaramonte-volta-castelo-1-1152x1536.jpg 1152w, https:\/\/andaramonte.pt\/wp-content\/uploads\/2020\/06\/andaramonte-volta-castelo-1-600x800.jpg 600w, https:\/\/andaramonte.pt\/wp-content\/uploads\/2020\/06\/andaramonte-volta-castelo-1-700x933.jpg 700w\" sizes=\"(max-width: 1200px) 100vw, 1200px\" \/>\t\t\t\t\t\t\t\t\t\t\t\t\t\t<\/div>\n\t\t\t\t\t\t<\/div>\n\t\t\t\t<\/div>\n\t\t\t\t\t\t<\/div>\n\t\t\t\t\t<\/div>\n\t\t<\/div>\n\t\t\t\t<div class=\"elementor-column elementor-col-66 elementor-top-column elementor-element elementor-element-c8d5a4f\" data-id=\"c8d5a4f\" data-element_type=\"column\" data-settings=\"{&quot;background_background&quot;:&quot;classic&quot;}\">\n\t\t\t<div class=\"elementor-column-wrap elementor-element-populated\">\n\t\t\t\t\t\t\t<div class=\"elementor-widget-wrap\">\n\t\t\t\t\t\t<div class=\"elementor-element elementor-element-e5ed885 elementor-widget elementor-widget-heading\" data-id=\"e5ed885\" data-element_type=\"widget\" data-widget_type=\"heading.default\">\n\t\t\t\t<div class=\"elementor-widget-container\">\n\t\t\t<h1 class=\"elementor-heading-title elementor-size-default\">Around the Castle<\/h1>\t\t<\/div>\n\t\t\t\t<\/div>\n\t\t\t\t<div class=\"elementor-element elementor-element-2a19620 elementor-widget elementor-widget-text-editor\" data-id=\"2a19620\" data-element_type=\"widget\" data-widget_type=\"text-editor.default\">\n\t\t\t\t<div class=\"elementor-widget-container\">\n\t\t\t\t\t\t\t\t<div class=\"elementor-text-editor elementor-clearfix\">\n\t\t\t\t<p>On this route (medium difficulty), we follow the ancient olive groves that lead to the wells and fountains around the castle, serving as sources of drinking water to its inhabitants.<br \/>\nHere, once again the route follows stone walls, passes through olive groves, rural paths and trails, taking in sights of ancient legend and set against breath-taking landscapes.<\/p>\n\t\t\t\t\t<\/div>\n\t\t\t\t\t\t<\/div>\n\t\t\t\t<\/div>\n\t\t\t\t<div class=\"elementor-element elementor-element-fe5c745 elementor-widget elementor-widget-text-editor\" data-id=\"fe5c745\" data-element_type=\"widget\" data-widget_type=\"text-editor.default\">\n\t\t\t\t<div class=\"elementor-widget-container\">\n\t\t\t\t\t\t\t\t<div class=\"elementor-text-editor elementor-clearfix\">\n\t\t\t\t<p><span style=\"font-family: Calibri, serif;\"><span lang=\"pt-PT\">Level of difficulty: <strong>medium<\/strong><\/span><\/span><\/p>\n<p><span style=\"font-family: Calibri, serif;\"><span lang=\"pt-PT\">Duration: <strong>3 hours<\/strong><\/span><\/span><\/p>\n<p><span style=\"font-family: Calibri, serif;\"><span lang=\"pt-PT\">Price: <strong>35 \u20ac per person<\/strong><\/span><\/span><\/p>\n\t\t\t\t\t<\/div>\n\t\t\t\t\t\t<\/div>\n\t\t\t\t<\/div>\n\t\t\t\t\t\t<\/div>\n\t\t\t\t\t<\/div>\n\t\t<\/div>\n\t\t\t\t\t\t\t\t<\/div>\n\t\t\t\t\t<\/div>\n\t\t<\/section>\n\t\t\t\t<section class=\"elementor-section elementor-top-section elementor-element elementor-element-65b94cb elementor-section-stretched elementor-section-full_width elementor-section-height-default elementor-section-height-default\" data-id=\"65b94cb\" data-element_type=\"section\" id=\"montado\" data-settings=\"{&quot;stretch_section&quot;:&quot;section-stretched&quot;,&quot;background_background&quot;:&quot;classic&quot;}\">\n\t\t\t\t\t\t<div class=\"elementor-container elementor-column-gap-no\">\n\t\t\t\t\t\t\t<div class=\"elementor-row\">\n\t\t\t\t\t<div class=\"elementor-column elementor-col-66 elementor-top-column elementor-element elementor-element-8b69b13\" data-id=\"8b69b13\" data-element_type=\"column\" data-settings=\"{&quot;background_background&quot;:&quot;classic&quot;}\">\n\t\t\t<div class=\"elementor-column-wrap elementor-element-populated\">\n\t\t\t\t\t\t\t<div class=\"elementor-widget-wrap\">\n\t\t\t\t\t\t<div class=\"elementor-element elementor-element-18f365e elementor-widget elementor-widget-heading\" data-id=\"18f365e\" data-element_type=\"widget\" data-widget_type=\"heading.default\">\n\t\t\t\t<div class=\"elementor-widget-container\">\n\t\t\t<h1 class=\"elementor-heading-title elementor-size-default\">Visit to the Cork Oak Forest<\/h1>\t\t<\/div>\n\t\t\t\t<\/div>\n\t\t\t\t<div class=\"elementor-element elementor-element-d6d6d08 elementor-widget elementor-widget-text-editor\" data-id=\"d6d6d08\" data-element_type=\"widget\" data-widget_type=\"text-editor.default\">\n\t\t\t\t<div class=\"elementor-widget-container\">\n\t\t\t\t\t\t\t\t<div class=\"elementor-text-editor elementor-clearfix\">\n\t\t\t\t<p>On this route we aim to show visitors the special Cork Oak Forest ecosystem itself, with its abundant flora and fauna, verdant landscape and striking biodiversity. This medium-difficulty walk follows a scenic route that offers the opportunity to admire cork trees, olive groves and other species native to the ecosystem of the region.<\/p>\n\t\t\t\t\t<\/div>\n\t\t\t\t\t\t<\/div>\n\t\t\t\t<\/div>\n\t\t\t\t<div class=\"elementor-element elementor-element-1be4bd5 elementor-widget elementor-widget-text-editor\" data-id=\"1be4bd5\" data-element_type=\"widget\" data-widget_type=\"text-editor.default\">\n\t\t\t\t<div class=\"elementor-widget-container\">\n\t\t\t\t\t\t\t\t<div class=\"elementor-text-editor elementor-clearfix\">\n\t\t\t\t<p><span style=\"font-family: Calibri, serif;\"><span lang=\"pt-PT\">Level of difficulty: <strong>medium<\/strong><\/span><\/span><\/p>\n<p><span style=\"font-family: Calibri, serif;\"><span lang=\"pt-PT\">Duration: <strong>4 horas<\/strong><\/span><\/span><\/p>\n<p><span style=\"font-family: Calibri, serif;\"><span lang=\"pt-PT\">Price: <strong>35 \u20ac per person<\/strong><\/span><\/span><\/p>\n\t\t\t\t\t<\/div>\n\t\t\t\t\t\t<\/div>\n\t\t\t\t<\/div>\n\t\t\t\t\t\t<\/div>\n\t\t\t\t\t<\/div>\n\t\t<\/div>\n\t\t\t\t<div class=\"elementor-column elementor-col-33 elementor-top-column elementor-element elementor-element-a73db19\" data-id=\"a73db19\" data-element_type=\"column\">\n\t\t\t<div class=\"elementor-column-wrap elementor-element-populated\">\n\t\t\t\t\t\t\t<div class=\"elementor-widget-wrap\">\n\t\t\t\t\t\t<div class=\"elementor-element elementor-element-aa5f3e6 elementor-widget elementor-widget-image\" data-id=\"aa5f3e6\" data-element_type=\"widget\" data-widget_type=\"image.default\">\n\t\t\t\t<div class=\"elementor-widget-container\">\n\t\t\t\t\t\t\t\t<div class=\"elementor-image\">\n\t\t\t\t\t\t\t\t\t\t\t\t<img loading=\"lazy\" decoding=\"async\" width=\"1600\" height=\"1200\" src=\"https:\/\/andaramonte.pt\/wp-content\/uploads\/2020\/06\/andaramonte-montado-3.jpg\" class=\"attachment-2048x2048 size-2048x2048 wp-image-17357\" alt=\"\" srcset=\"https:\/\/andaramonte.pt\/wp-content\/uploads\/2020\/06\/andaramonte-montado-3.jpg 1600w, https:\/\/andaramonte.pt\/wp-content\/uploads\/2020\/06\/andaramonte-montado-3-300x225.jpg 300w, https:\/\/andaramonte.pt\/wp-content\/uploads\/2020\/06\/andaramonte-montado-3-1024x768.jpg 1024w, https:\/\/andaramonte.pt\/wp-content\/uploads\/2020\/06\/andaramonte-montado-3-768x576.jpg 768w, https:\/\/andaramonte.pt\/wp-content\/uploads\/2020\/06\/andaramonte-montado-3-1536x1152.jpg 1536w, https:\/\/andaramonte.pt\/wp-content\/uploads\/2020\/06\/andaramonte-montado-3-800x600.jpg 800w, https:\/\/andaramonte.pt\/wp-content\/uploads\/2020\/06\/andaramonte-montado-3-700x525.jpg 700w, https:\/\/andaramonte.pt\/wp-content\/uploads\/2020\/06\/andaramonte-montado-3-600x450.jpg 600w\" sizes=\"(max-width: 1600px) 100vw, 1600px\" \/>\t\t\t\t\t\t\t\t\t\t\t\t\t\t<\/div>\n\t\t\t\t\t\t<\/div>\n\t\t\t\t<\/div>\n\t\t\t\t\t\t<\/div>\n\t\t\t\t\t<\/div>\n\t\t<\/div>\n\t\t\t\t\t\t\t\t<\/div>\n\t\t\t\t\t<\/div>\n\t\t<\/section>\n\t\t\t\t<section class=\"elementor-section elementor-top-section elementor-element elementor-element-7d72c2a elementor-section-full_width elementor-section-height-default elementor-section-height-default\" data-id=\"7d72c2a\" data-element_type=\"section\">\n\t\t\t\t\t\t<div class=\"elementor-container elementor-column-gap-default\">\n\t\t\t\t\t\t\t<div class=\"elementor-row\">\n\t\t\t\t\t<div class=\"elementor-column elementor-col-100 elementor-top-column elementor-element elementor-element-54a5bc5\" data-id=\"54a5bc5\" data-element_type=\"column\">\n\t\t\t<div class=\"elementor-column-wrap\">\n\t\t\t\t\t\t\t<div class=\"elementor-widget-wrap\">\n\t\t\t\t\t\t\t\t<\/div>\n\t\t\t\t\t<\/div>\n\t\t<\/div>\n\t\t\t\t\t\t\t\t<\/div>\n\t\t\t\t\t<\/div>\n\t\t<\/section>\n\t\t\t\t\t\t\t\t\t<\/div>\n\t\t\t<\/div>\n\t\t\t\t\t<\/div>\n\t\t","protected":false},"excerpt":{"rendered":"<p>Walk the ancient paths of Evoramonte Anterior Seguinte The Village This walk follows a route inside the castle walls, although on occasion we might leave the walled grounds to observe some special point of interest, event or natural phenomenon. Very accessible, the route takes in the main points of historical and cultural interest of the &#8230; <a title=\"Tours\" class=\"read-more\" href=\"https:\/\/andaramonte.pt\/en\/tours\/\" aria-label=\"More on Tours\">Read more<\/a><\/p>\n","protected":false},"author":1,"featured_media":0,"parent":0,"menu_order":0,"comment_status":"closed","ping_status":"closed","template":"elementor_header_footer","meta":{"footnotes":""},"_links":{"self":[{"href":"https:\/\/andaramonte.pt\/en\/wp-json\/wp\/v2\/pages\/17422"}],"collection":[{"href":"https:\/\/andaramonte.pt\/en\/wp-json\/wp\/v2\/pages"}],"about":[{"href":"https:\/\/andaramonte.pt\/en\/wp-json\/wp\/v2\/types\/page"}],"author":[{"embeddable":true,"href":"https:\/\/andaramonte.pt\/en\/wp-json\/wp\/v2\/users\/1"}],"replies":[{"embeddable":true,"href":"https:\/\/andaramonte.pt\/en\/wp-json\/wp\/v2\/comments?post=17422"}],"version-history":[{"count":57,"href":"https:\/\/andaramonte.pt\/en\/wp-json\/wp\/v2\/pages\/17422\/revisions"}],"predecessor-version":[{"id":19057,"href":"https:\/\/andaramonte.pt\/en\/wp-json\/wp\/v2\/pages\/17422\/revisions\/19057"}],"wp:attachment":[{"href":"https:\/\/andaramonte.pt\/en\/wp-json\/wp\/v2\/media?parent=17422"}],"curies":[{"name":"wp","href":"https:\/\/api.w.org\/{rel}","templated":true}]}}