{"id":17438,"date":"2020-06-27T16:58:56","date_gmt":"2020-06-27T16:58:56","guid":{"rendered":"https:\/\/andaramonte.pt\/wp\/rundgang\/"},"modified":"2021-01-30T18:44:24","modified_gmt":"2021-01-30T18:44:24","slug":"rundgang","status":"publish","type":"page","link":"https:\/\/andaramonte.pt\/de\/rundgang\/","title":{"rendered":"Rundgang"},"content":{"rendered":"\t\t<div data-elementor-type=\"wp-page\" data-elementor-id=\"17438\" class=\"elementor elementor-17438 elementor-17169\">\n\t\t\t\t\t\t<div class=\"elementor-inner\">\n\t\t\t\t<div class=\"elementor-section-wrap\">\n\t\t\t\t\t\t\t\t\t<section class=\"elementor-section elementor-top-section elementor-element elementor-element-99c033e elementor-section-height-min-height elementor-section-boxed elementor-section-height-default elementor-section-items-middle\" data-id=\"99c033e\" data-element_type=\"section\">\n\t\t\t\t\t\t<div class=\"elementor-container elementor-column-gap-default\">\n\t\t\t\t\t\t\t<div class=\"elementor-row\">\n\t\t\t\t\t<div class=\"elementor-column elementor-col-100 elementor-top-column elementor-element elementor-element-b88eeb3\" data-id=\"b88eeb3\" data-element_type=\"column\">\n\t\t\t<div class=\"elementor-column-wrap elementor-element-populated\">\n\t\t\t\t\t\t\t<div class=\"elementor-widget-wrap\">\n\t\t\t\t\t\t<div class=\"elementor-element elementor-element-78cd20b elementor-widget elementor-widget-heading\" data-id=\"78cd20b\" data-element_type=\"widget\" data-widget_type=\"heading.default\">\n\t\t\t\t<div class=\"elementor-widget-container\">\n\t\t\t<h2 class=\"elementor-heading-title elementor-size-default\">Evoramonte zu Fu\u00df entdecken<\/h2>\t\t<\/div>\n\t\t\t\t<\/div>\n\t\t\t\t\t\t<\/div>\n\t\t\t\t\t<\/div>\n\t\t<\/div>\n\t\t\t\t\t\t\t\t<\/div>\n\t\t\t\t\t<\/div>\n\t\t<\/section>\n\t\t\t\t<section class=\"elementor-section elementor-top-section elementor-element elementor-element-9e7d48e elementor-section-stretched elementor-section-full_width elementor-section-height-default elementor-section-height-default\" data-id=\"9e7d48e\" data-element_type=\"section\" id=\"vila\" data-settings=\"{&quot;stretch_section&quot;:&quot;section-stretched&quot;,&quot;background_background&quot;:&quot;classic&quot;}\">\n\t\t\t\t\t\t<div class=\"elementor-container elementor-column-gap-no\">\n\t\t\t\t\t\t\t<div class=\"elementor-row\">\n\t\t\t\t\t<div class=\"elementor-column elementor-col-33 elementor-top-column elementor-element elementor-element-538a772\" data-id=\"538a772\" data-element_type=\"column\">\n\t\t\t<div class=\"elementor-column-wrap\">\n\t\t\t\t\t\t\t<div class=\"elementor-widget-wrap\">\n\t\t\t\t\t\t\t\t<\/div>\n\t\t\t\t\t<\/div>\n\t\t<\/div>\n\t\t\t\t<div class=\"elementor-column elementor-col-66 elementor-top-column elementor-element elementor-element-37895ff\" data-id=\"37895ff\" data-element_type=\"column\" data-settings=\"{&quot;background_background&quot;:&quot;classic&quot;}\">\n\t\t\t<div class=\"elementor-column-wrap elementor-element-populated\">\n\t\t\t\t\t\t\t<div class=\"elementor-widget-wrap\">\n\t\t\t\t\t\t<div class=\"elementor-element elementor-element-abc2500 elementor-widget elementor-widget-heading\" data-id=\"abc2500\" data-element_type=\"widget\" id=\"a-vila\" data-widget_type=\"heading.default\">\n\t\t\t\t<div class=\"elementor-widget-container\">\n\t\t\t<h1 class=\"elementor-heading-title elementor-size-default\">\u201eA Vila\u201c -  Innerhalb der Festungsmauern<\/h1>\t\t<\/div>\n\t\t\t\t<\/div>\n\t\t\t\t<div class=\"elementor-element elementor-element-af3f512 elementor-widget elementor-widget-text-editor\" data-id=\"af3f512\" data-element_type=\"widget\" data-widget_type=\"text-editor.default\">\n\t\t\t\t<div class=\"elementor-widget-container\">\n\t\t\t\t\t\t\t\t<div class=\"elementor-text-editor elementor-clearfix\">\n\t\t\t\t<p>Ein Rundgang innerhalb der Festungsmauern, die wir gelegentlich verlassen, wenn es Sehenswertes zu besichtigen gibt. Auf diesem leicht zu bew\u00e4ltigenden Rundgang f\u00fchren wir Sie zu den historischen und kulturellen Hauptsehensw\u00fcrdigkeiten des Ortes und geben Ihnen einen \u00dcberblick \u00fcber die Geschichte von Evoramonte. Mit Besichtigung des Turms und der Miseric\u00f3rdia-Kapelle (mit Voranmeldung).<\/p>\n\t\t\t\t\t<\/div>\n\t\t\t\t\t\t<\/div>\n\t\t\t\t<\/div>\n\t\t\t\t<div class=\"elementor-element elementor-element-ad9d032 elementor-widget elementor-widget-text-editor\" data-id=\"ad9d032\" data-element_type=\"widget\" data-widget_type=\"text-editor.default\">\n\t\t\t\t<div class=\"elementor-widget-container\">\n\t\t\t\t\t\t\t\t<div class=\"elementor-text-editor elementor-clearfix\">\n\t\t\t\t<p><span style=\"font-family: Calibri, serif;\"><span lang=\"pt-PT\">Schwierigkeitsgrad: <strong>einfach<\/strong><\/span><\/span><\/p>\n<p><span style=\"font-family: Calibri, serif;\"><span lang=\"pt-PT\">Dauer: <strong>2 Stunden<\/strong><\/span><\/span><\/p>\n<p><span style=\"font-family: Calibri, serif;\"><span lang=\"pt-PT\">Preis pro Person: <strong>30 \u20ac<\/strong><\/span><\/span><\/p>\n\t\t\t\t\t<\/div>\n\t\t\t\t\t\t<\/div>\n\t\t\t\t<\/div>\n\t\t\t\t\t\t<\/div>\n\t\t\t\t\t<\/div>\n\t\t<\/div>\n\t\t\t\t\t\t\t\t<\/div>\n\t\t\t\t\t<\/div>\n\t\t<\/section>\n\t\t\t\t<section class=\"elementor-section elementor-top-section elementor-element elementor-element-2525a27 elementor-section-stretched elementor-section-full_width elementor-section-height-default elementor-section-height-default\" data-id=\"2525a27\" data-element_type=\"section\" id=\"ermidas\" data-settings=\"{&quot;stretch_section&quot;:&quot;section-stretched&quot;,&quot;background_background&quot;:&quot;classic&quot;}\">\n\t\t\t\t\t\t<div class=\"elementor-container elementor-column-gap-no\">\n\t\t\t\t\t\t\t<div class=\"elementor-row\">\n\t\t\t\t\t<div class=\"elementor-column elementor-col-66 elementor-top-column elementor-element elementor-element-f8a944c\" data-id=\"f8a944c\" data-element_type=\"column\" data-settings=\"{&quot;background_background&quot;:&quot;classic&quot;}\">\n\t\t\t<div class=\"elementor-column-wrap elementor-element-populated\">\n\t\t\t\t\t\t\t<div class=\"elementor-widget-wrap\">\n\t\t\t\t\t\t<div class=\"elementor-element elementor-element-318fc9f elementor-widget elementor-widget-heading\" data-id=\"318fc9f\" data-element_type=\"widget\" data-widget_type=\"heading.default\">\n\t\t\t\t<div class=\"elementor-widget-container\">\n\t\t\t<h1 class=\"elementor-heading-title elementor-size-default\">Kapellen<\/h1>\t\t<\/div>\n\t\t\t\t<\/div>\n\t\t\t\t<div class=\"elementor-element elementor-element-7037f17 elementor-widget elementor-widget-text-editor\" data-id=\"7037f17\" data-element_type=\"widget\" data-widget_type=\"text-editor.default\">\n\t\t\t\t<div class=\"elementor-widget-container\">\n\t\t\t\t\t\t\t\t<div class=\"elementor-text-editor elementor-clearfix\">\n\t\t\t\t<p>Evoramonte ist von zahlreichen Kapellen umgeben.<br \/>\nEinige werden wir auf dieser Tour besichtigen.<br \/>\nDie von uns festgelegte Route ist aufgrund von zu bew\u00e4ltigenden H\u00f6henunterschieden etwas anspruchsvoller. F\u00fcr Teilnehmer, die nicht so gut zu Fu\u00df sind, k\u00f6nnen wir aber eine einfachere Route anbieten.<br \/>\nWir besichtigen die 5 au\u00dferhalb der Festung liegenden Kapellen Santa Margarida, S\u00e3o Sebasti\u00e3o, Santo Est\u00eav\u00e3o, Santa Rita und S\u00e3o Marcos, sowie einige Brunnen, die einst die Wasserversorgung des Ortes garantierten.<br \/>\nDie Route f\u00fchrt auf alten, von ehrw\u00fcrdigen Olivenb\u00e4umen ges\u00e4umten Feldwegen durch Kulturlandschaft.<\/p>\n\t\t\t\t\t<\/div>\n\t\t\t\t\t\t<\/div>\n\t\t\t\t<\/div>\n\t\t\t\t<div class=\"elementor-element elementor-element-ff8b96f elementor-widget elementor-widget-text-editor\" data-id=\"ff8b96f\" data-element_type=\"widget\" data-widget_type=\"text-editor.default\">\n\t\t\t\t<div class=\"elementor-widget-container\">\n\t\t\t\t\t\t\t\t<div class=\"elementor-text-editor elementor-clearfix\">\n\t\t\t\t<p><span style=\"font-family: Calibri, serif;\"><span lang=\"pt-PT\">Schwierigkeitsgrad: <strong>mittleschwer<\/strong><\/span><\/span><\/p>\n<p><span style=\"font-family: Calibri, serif;\"><span lang=\"pt-PT\">Dauer: <strong>3 bis 4 Stunden<\/strong><\/span><\/span><\/p>\n<p><span style=\"font-family: Calibri, serif;\"><span lang=\"pt-PT\">Preis pro Person: <strong>35 \u20ac<\/strong><\/span><\/span><\/p>\n\t\t\t\t\t<\/div>\n\t\t\t\t\t\t<\/div>\n\t\t\t\t<\/div>\n\t\t\t\t\t\t<\/div>\n\t\t\t\t\t<\/div>\n\t\t<\/div>\n\t\t\t\t<div class=\"elementor-column elementor-col-33 elementor-top-column elementor-element elementor-element-affb2b7\" data-id=\"affb2b7\" data-element_type=\"column\">\n\t\t\t<div class=\"elementor-column-wrap\">\n\t\t\t\t\t\t\t<div class=\"elementor-widget-wrap\">\n\t\t\t\t\t\t\t\t<\/div>\n\t\t\t\t\t<\/div>\n\t\t<\/div>\n\t\t\t\t\t\t\t\t<\/div>\n\t\t\t\t\t<\/div>\n\t\t<\/section>\n\t\t\t\t<section class=\"elementor-section elementor-top-section elementor-element elementor-element-0c82d52 elementor-section-stretched elementor-section-full_width elementor-section-height-default elementor-section-height-default\" data-id=\"0c82d52\" data-element_type=\"section\" id=\"castelo\" data-settings=\"{&quot;stretch_section&quot;:&quot;section-stretched&quot;,&quot;background_background&quot;:&quot;classic&quot;}\">\n\t\t\t\t\t\t<div class=\"elementor-container elementor-column-gap-no\">\n\t\t\t\t\t\t\t<div class=\"elementor-row\">\n\t\t\t\t\t<div class=\"elementor-column elementor-col-33 elementor-top-column elementor-element elementor-element-b0851ea\" data-id=\"b0851ea\" data-element_type=\"column\">\n\t\t\t<div class=\"elementor-column-wrap\">\n\t\t\t\t\t\t\t<div class=\"elementor-widget-wrap\">\n\t\t\t\t\t\t\t\t<\/div>\n\t\t\t\t\t<\/div>\n\t\t<\/div>\n\t\t\t\t<div class=\"elementor-column elementor-col-66 elementor-top-column elementor-element elementor-element-c8d5a4f\" data-id=\"c8d5a4f\" data-element_type=\"column\" data-settings=\"{&quot;background_background&quot;:&quot;classic&quot;}\">\n\t\t\t<div class=\"elementor-column-wrap elementor-element-populated\">\n\t\t\t\t\t\t\t<div class=\"elementor-widget-wrap\">\n\t\t\t\t\t\t<div class=\"elementor-element elementor-element-e5ed885 elementor-widget elementor-widget-heading\" data-id=\"e5ed885\" data-element_type=\"widget\" data-widget_type=\"heading.default\">\n\t\t\t\t<div class=\"elementor-widget-container\">\n\t\t\t<h1 class=\"elementor-heading-title elementor-size-default\">Rund um die Festung<\/h1>\t\t<\/div>\n\t\t\t\t<\/div>\n\t\t\t\t<div class=\"elementor-element elementor-element-2a19620 elementor-widget elementor-widget-text-editor\" data-id=\"2a19620\" data-element_type=\"widget\" data-widget_type=\"text-editor.default\">\n\t\t\t\t<div class=\"elementor-widget-container\">\n\t\t\t\t\t\t\t\t<div class=\"elementor-text-editor elementor-clearfix\">\n\t\t\t\t<p>Diese Wanderung mittleren Schwierigkeitsgrades f\u00fchrt auf traditionsreichen Wegen in die Umgebung der Burg, zu den Brunnen und Quellen, die in fr\u00fcheren Zeiten die Bev\u00f6lkerung mit Wasser versorgten.<br \/>\nAuch auf dieser Tour wandern wir auf von Mauern ges\u00e4umten Feldwegen und Pfaden durch atemberaubend sch\u00f6ne, sagenumwobene Landschaften.<\/p>\n\t\t\t\t\t<\/div>\n\t\t\t\t\t\t<\/div>\n\t\t\t\t<\/div>\n\t\t\t\t<div class=\"elementor-element elementor-element-fe5c745 elementor-widget elementor-widget-text-editor\" data-id=\"fe5c745\" data-element_type=\"widget\" data-widget_type=\"text-editor.default\">\n\t\t\t\t<div class=\"elementor-widget-container\">\n\t\t\t\t\t\t\t\t<div class=\"elementor-text-editor elementor-clearfix\">\n\t\t\t\t<p><span style=\"font-family: Calibri, serif;\"><span lang=\"pt-PT\">Schwierigkeitsgrad: <strong>mittleschwer<\/strong><\/span><\/span><\/p>\n<p><span style=\"font-family: Calibri, serif;\"><span lang=\"pt-PT\">Dauer: <strong>3 Stunden<\/strong><\/span><\/span><\/p>\n<p><span style=\"font-family: Calibri, serif;\"><span lang=\"pt-PT\">Preis pro Person: <strong>35 \u20ac<\/strong><\/span><\/span><\/p>\n\t\t\t\t\t<\/div>\n\t\t\t\t\t\t<\/div>\n\t\t\t\t<\/div>\n\t\t\t\t\t\t<\/div>\n\t\t\t\t\t<\/div>\n\t\t<\/div>\n\t\t\t\t\t\t\t\t<\/div>\n\t\t\t\t\t<\/div>\n\t\t<\/section>\n\t\t\t\t<section class=\"elementor-section elementor-top-section elementor-element elementor-element-65b94cb elementor-section-stretched elementor-section-full_width elementor-section-height-default elementor-section-height-default\" data-id=\"65b94cb\" data-element_type=\"section\" id=\"montado\" data-settings=\"{&quot;stretch_section&quot;:&quot;section-stretched&quot;,&quot;background_background&quot;:&quot;classic&quot;}\">\n\t\t\t\t\t\t<div class=\"elementor-container elementor-column-gap-no\">\n\t\t\t\t\t\t\t<div class=\"elementor-row\">\n\t\t\t\t\t<div class=\"elementor-column elementor-col-66 elementor-top-column elementor-element elementor-element-8b69b13\" data-id=\"8b69b13\" data-element_type=\"column\" data-settings=\"{&quot;background_background&quot;:&quot;classic&quot;}\">\n\t\t\t<div class=\"elementor-column-wrap elementor-element-populated\">\n\t\t\t\t\t\t\t<div class=\"elementor-widget-wrap\">\n\t\t\t\t\t\t<div class=\"elementor-element elementor-element-18f365e elementor-widget elementor-widget-heading\" data-id=\"18f365e\" data-element_type=\"widget\" data-widget_type=\"heading.default\">\n\t\t\t\t<div class=\"elementor-widget-container\">\n\t\t\t<h1 class=\"elementor-heading-title elementor-size-default\">In Kork- und Steineichenw\u00e4lder<\/h1>\t\t<\/div>\n\t\t\t\t<\/div>\n\t\t\t\t<div class=\"elementor-element elementor-element-d6d6d08 elementor-widget elementor-widget-text-editor\" data-id=\"d6d6d08\" data-element_type=\"widget\" data-widget_type=\"text-editor.default\">\n\t\t\t\t<div class=\"elementor-widget-container\">\n\t\t\t\t\t\t\t\t<div class=\"elementor-text-editor elementor-clearfix\">\n\t\t\t\t<p>Auf dieser Tour m\u00f6chten wir Ihnen die faszinierende Welt der Kork- und Steineichenw\u00e4lder und die dort beheimatete Artenvielfalt vorstellen. Die Route mittleren Schwierigkeitsgrades f\u00fchrt durch mehrere G\u00fcter, wo neben besonders eindrucksvollen Kork- und Steineichen auch die in diesem \u00d6kosystem heimische Fauna und Flora zu bewundern ist.<\/p>\n\t\t\t\t\t<\/div>\n\t\t\t\t\t\t<\/div>\n\t\t\t\t<\/div>\n\t\t\t\t<div class=\"elementor-element elementor-element-1be4bd5 elementor-widget elementor-widget-text-editor\" data-id=\"1be4bd5\" data-element_type=\"widget\" data-widget_type=\"text-editor.default\">\n\t\t\t\t<div class=\"elementor-widget-container\">\n\t\t\t\t\t\t\t\t<div class=\"elementor-text-editor elementor-clearfix\">\n\t\t\t\t<p><span style=\"font-family: Calibri, serif;\"><span lang=\"pt-PT\">Schwierigkeitsgrad: <strong>mittleschwer<\/strong><\/span><\/span><\/p>\n<p><span style=\"font-family: Calibri, serif;\"><span lang=\"pt-PT\">Dauer: <strong>3 Stunden<\/strong><\/span><\/span><\/p>\n<p><span style=\"font-family: Calibri, serif;\"><span lang=\"pt-PT\">Preis pro Person: <strong>35 \u20ac<\/strong><\/span><\/span><\/p>\n\t\t\t\t\t<\/div>\n\t\t\t\t\t\t<\/div>\n\t\t\t\t<\/div>\n\t\t\t\t\t\t<\/div>\n\t\t\t\t\t<\/div>\n\t\t<\/div>\n\t\t\t\t<div class=\"elementor-column elementor-col-33 elementor-top-column elementor-element elementor-element-a73db19\" data-id=\"a73db19\" data-element_type=\"column\">\n\t\t\t<div class=\"elementor-column-wrap\">\n\t\t\t\t\t\t\t<div class=\"elementor-widget-wrap\">\n\t\t\t\t\t\t\t\t<\/div>\n\t\t\t\t\t<\/div>\n\t\t<\/div>\n\t\t\t\t\t\t\t\t<\/div>\n\t\t\t\t\t<\/div>\n\t\t<\/section>\n\t\t\t\t<section class=\"elementor-section elementor-top-section elementor-element elementor-element-7d72c2a elementor-section-full_width elementor-section-height-default elementor-section-height-default\" data-id=\"7d72c2a\" data-element_type=\"section\">\n\t\t\t\t\t\t<div class=\"elementor-container elementor-column-gap-default\">\n\t\t\t\t\t\t\t<div class=\"elementor-row\">\n\t\t\t\t\t<div class=\"elementor-column elementor-col-100 elementor-top-column elementor-element elementor-element-54a5bc5\" data-id=\"54a5bc5\" data-element_type=\"column\">\n\t\t\t<div class=\"elementor-column-wrap\">\n\t\t\t\t\t\t\t<div class=\"elementor-widget-wrap\">\n\t\t\t\t\t\t\t\t<\/div>\n\t\t\t\t\t<\/div>\n\t\t<\/div>\n\t\t\t\t\t\t\t\t<\/div>\n\t\t\t\t\t<\/div>\n\t\t<\/section>\n\t\t\t\t\t\t\t\t\t<\/div>\n\t\t\t<\/div>\n\t\t\t\t\t<\/div>\n\t\t","protected":false},"excerpt":{"rendered":"<p>Evoramonte zu Fu\u00df entdecken \u201eA Vila\u201c &#8211; Innerhalb der Festungsmauern Ein Rundgang innerhalb der Festungsmauern, die wir gelegentlich verlassen, wenn es Sehenswertes zu besichtigen gibt. Auf diesem leicht zu bew\u00e4ltigenden Rundgang f\u00fchren wir Sie zu den historischen und kulturellen Hauptsehensw\u00fcrdigkeiten des Ortes und geben Ihnen einen \u00dcberblick \u00fcber die Geschichte von Evoramonte. Mit Besichtigung des &#8230; <a title=\"Rundgang\" class=\"read-more\" href=\"https:\/\/andaramonte.pt\/de\/rundgang\/\" aria-label=\"Mehr dazu unter Rundgang\">Weiterlesen<\/a><\/p>\n","protected":false},"author":1,"featured_media":0,"parent":0,"menu_order":0,"comment_status":"closed","ping_status":"closed","template":"elementor_header_footer","meta":{"footnotes":""},"_links":{"self":[{"href":"https:\/\/andaramonte.pt\/de\/wp-json\/wp\/v2\/pages\/17438"}],"collection":[{"href":"https:\/\/andaramonte.pt\/de\/wp-json\/wp\/v2\/pages"}],"about":[{"href":"https:\/\/andaramonte.pt\/de\/wp-json\/wp\/v2\/types\/page"}],"author":[{"embeddable":true,"href":"https:\/\/andaramonte.pt\/de\/wp-json\/wp\/v2\/users\/1"}],"replies":[{"embeddable":true,"href":"https:\/\/andaramonte.pt\/de\/wp-json\/wp\/v2\/comments?post=17438"}],"version-history":[{"count":40,"href":"https:\/\/andaramonte.pt\/de\/wp-json\/wp\/v2\/pages\/17438\/revisions"}],"predecessor-version":[{"id":18503,"href":"https:\/\/andaramonte.pt\/de\/wp-json\/wp\/v2\/pages\/17438\/revisions\/18503"}],"wp:attachment":[{"href":"https:\/\/andaramonte.pt\/de\/wp-json\/wp\/v2\/media?parent=17438"}],"curies":[{"name":"wp","href":"https:\/\/api.w.org\/{rel}","templated":true}]}}