{"id":17436,"date":"2020-06-27T16:47:50","date_gmt":"2020-06-27T16:47:50","guid":{"rendered":"https:\/\/andaramonte.pt\/wp\/home-de\/"},"modified":"2021-03-17T18:55:05","modified_gmt":"2021-03-17T18:55:05","slug":"home-de","status":"publish","type":"page","link":"https:\/\/andaramonte.pt\/de\/","title":{"rendered":"HOME DE"},"content":{"rendered":"\t\t<div data-elementor-type=\"wp-page\" data-elementor-id=\"17436\" class=\"elementor elementor-17436 elementor-17121\">\n\t\t\t\t\t\t<div class=\"elementor-inner\">\n\t\t\t\t<div class=\"elementor-section-wrap\">\n\t\t\t\t\t\t\t\t\t<section class=\"elementor-section elementor-top-section elementor-element elementor-element-25b8094 elementor-section-full_width elementor-section-height-default elementor-section-height-default\" data-id=\"25b8094\" data-element_type=\"section\">\n\t\t\t\t\t\t<div class=\"elementor-container elementor-column-gap-no\">\n\t\t\t\t\t\t\t<div class=\"elementor-row\">\n\t\t\t\t\t<div class=\"elementor-column elementor-col-100 elementor-top-column elementor-element elementor-element-a7a64c1\" data-id=\"a7a64c1\" data-element_type=\"column\" data-settings=\"{&quot;background_background&quot;:&quot;classic&quot;}\">\n\t\t\t<div class=\"elementor-column-wrap\">\n\t\t\t\t\t\t\t<div class=\"elementor-widget-wrap\">\n\t\t\t\t\t\t\t\t<\/div>\n\t\t\t\t\t<\/div>\n\t\t<\/div>\n\t\t\t\t\t\t\t\t<\/div>\n\t\t\t\t\t<\/div>\n\t\t<\/section>\n\t\t\t\t<section class=\"elementor-section elementor-top-section elementor-element elementor-element-791638a elementor-section-content-top elementor-section-boxed elementor-section-height-default elementor-section-height-default\" data-id=\"791638a\" data-element_type=\"section\" data-settings=\"{&quot;background_background&quot;:&quot;classic&quot;}\">\n\t\t\t\t\t\t<div class=\"elementor-container elementor-column-gap-narrow\">\n\t\t\t\t\t\t\t<div class=\"elementor-row\">\n\t\t\t\t\t<div class=\"elementor-column elementor-col-100 elementor-top-column elementor-element elementor-element-15c247c\" data-id=\"15c247c\" data-element_type=\"column\">\n\t\t\t<div class=\"elementor-column-wrap elementor-element-populated\">\n\t\t\t\t\t\t\t<div class=\"elementor-widget-wrap\">\n\t\t\t\t\t\t<div class=\"elementor-element elementor-element-1d7774c elementor-widget elementor-widget-heading\" data-id=\"1d7774c\" data-element_type=\"widget\" data-widget_type=\"heading.default\">\n\t\t\t\t<div class=\"elementor-widget-container\">\n\t\t\t<h2 class=\"elementor-heading-title elementor-size-default\">Andar a Monte<\/h2>\t\t<\/div>\n\t\t\t\t<\/div>\n\t\t\t\t\t\t<\/div>\n\t\t\t\t\t<\/div>\n\t\t<\/div>\n\t\t\t\t\t\t\t\t<\/div>\n\t\t\t\t\t<\/div>\n\t\t<\/section>\n\t\t\t\t<section class=\"elementor-section elementor-top-section elementor-element elementor-element-3b1b77d elementor-section-boxed elementor-section-height-default elementor-section-height-default\" data-id=\"3b1b77d\" data-element_type=\"section\" data-settings=\"{&quot;background_background&quot;:&quot;classic&quot;}\">\n\t\t\t\t\t\t<div class=\"elementor-container elementor-column-gap-default\">\n\t\t\t\t\t\t\t<div class=\"elementor-row\">\n\t\t\t\t\t<div class=\"elementor-column elementor-col-100 elementor-top-column elementor-element elementor-element-aff0199\" data-id=\"aff0199\" data-element_type=\"column\">\n\t\t\t<div class=\"elementor-column-wrap elementor-element-populated\">\n\t\t\t\t\t\t\t<div class=\"elementor-widget-wrap\">\n\t\t\t\t\t\t<div class=\"elementor-element elementor-element-d0a4808 elementor-widget elementor-widget-text-editor\" data-id=\"d0a4808\" data-element_type=\"widget\" data-widget_type=\"text-editor.default\">\n\t\t\t\t<div class=\"elementor-widget-container\">\n\t\t\t\t\t\t\t\t<div class=\"elementor-text-editor elementor-clearfix\">\n\t\t\t\t<p>Andar a Monte ist ein Familienunternehmen, das aus dem Wunsch entstanden ist, Evoramonte und seine beachtlichen Sehensw\u00fcrdigkeiten besser bekannt zu machen. Das Unternehmen wurde 2018 von uns, Mutter Helena und Tochter Matilde gegr\u00fcndet. Was uns neben unserer Begeisterung f\u00fcr Land, Leute und Brauchtum auszeichnet, sind unsere Sprachkenntnisse. Wir sprechen Deutsch, Englisch und Franz\u00f6sisch.<br \/>\nWir m\u00f6chten Sie auf traditionsreichen Pfaden durch unsere Gemeinde f\u00fchren und Ihnen m\u00e4rchenhafte Geschichten von verzauberten Maurinnen, von Schlangen, die Sch\u00e4tze bewachen und Toren, die in andere Welten f\u00fchren, erz\u00e4hlen.<br \/>\nEvoramonte liegt im \u00e4u\u00dfersten Westen der Serra d\u2018 Ossa im Mittleren Alentejo. Aufgrund der strategischen Lage spielte der Ort f\u00fcr Entstehung und Geschichte Portugals eine bedeutende Rolle. Es gibt auch Hinweise darauf, dass sich hier bereits in vorgeschichtlicher Zeit eine gr\u00f6\u00dfere Siedlung befand.<br \/>\nHeute erwartet den Besucher ein beschaulicher, geschichtstr\u00e4chtiger Ort, umgeben von malerischer Landschaft.<\/p>\n\t\t\t\t\t<\/div>\n\t\t\t\t\t\t<\/div>\n\t\t\t\t<\/div>\n\t\t\t\t\t\t<\/div>\n\t\t\t\t\t<\/div>\n\t\t<\/div>\n\t\t\t\t\t\t\t\t<\/div>\n\t\t\t\t\t<\/div>\n\t\t<\/section>\n\t\t\t\t<section class=\"elementor-section elementor-top-section elementor-element elementor-element-e842a69 elementor-section-boxed elementor-section-height-default elementor-section-height-default\" data-id=\"e842a69\" data-element_type=\"section\">\n\t\t\t\t\t\t<div class=\"elementor-container elementor-column-gap-no\">\n\t\t\t\t\t\t\t<div class=\"elementor-row\">\n\t\t\t\t\t<div class=\"elementor-column elementor-col-33 elementor-top-column elementor-element elementor-element-239480c\" data-id=\"239480c\" data-element_type=\"column\">\n\t\t\t<div class=\"elementor-column-wrap elementor-element-populated\">\n\t\t\t\t\t\t\t<div class=\"elementor-widget-wrap\">\n\t\t\t\t\t\t<div class=\"elementor-element elementor-element-2731c84 elementor-widget elementor-widget-heading\" data-id=\"2731c84\" data-element_type=\"widget\" data-widget_type=\"heading.default\">\n\t\t\t\t<div class=\"elementor-widget-container\">\n\t\t\t<h4 class=\"elementor-heading-title elementor-size-default\">Evoramonte zu Fu\u00df entdecken<\/h4>\t\t<\/div>\n\t\t\t\t<\/div>\n\t\t\t\t<div class=\"elementor-element elementor-element-9da6944 elementor-widget elementor-widget-heading\" data-id=\"9da6944\" data-element_type=\"widget\" data-widget_type=\"heading.default\">\n\t\t\t\t<div class=\"elementor-widget-container\">\n\t\t\t<h3 class=\"elementor-heading-title elementor-size-default\">Wandertouren unter ortskundiger F\u00fchrung<\/h3>\t\t<\/div>\n\t\t\t\t<\/div>\n\t\t\t\t<div class=\"elementor-element elementor-element-3264d31 elementor-widget elementor-widget-text-editor\" data-id=\"3264d31\" data-element_type=\"widget\" data-widget_type=\"text-editor.default\">\n\t\t\t\t<div class=\"elementor-widget-container\">\n\t\t\t\t\t\t\t\t<div class=\"elementor-text-editor elementor-clearfix\">\n\t\t\t\t<p>Aktuell haben wir vier Wandertouren im Angebot, von denen eine innerhalb der Festungsmauern von Evoramonte verl\u00e4uft, w\u00e4hrend die anderen drei in die Umgebung der Burg f\u00fchren. Sie sind ohne besondere Schwierigkeiten zu bew\u00e4ltigen und m\u00f6chten Sie mit den zahlreichen Sehensw\u00fcrdigkeiten der Gegend bekannt machen.<br \/>\nJe nach Jahreszeit oder Interessen der Teilnehmer, werden wir unsere Wandertouren unter ein f\u00fcr die Gegend relevantes Thema stellen. So k\u00f6nnen Olivenb\u00e4ume immer dann im Mittelpunkt stehen, wenn die Olivenernte oder andere T\u00e4tigkeiten in den Anbaugebieten anfallen und entsprechendes Interesse vorhanden ist. Dieselbe Tour kann alternativ auch das Wasserversorgungssystem der \u201eVila\u201c zum Thema haben , wie die Bewohner von Evoramonte den Ort innerhalb der Festungsmauern nennen.<br \/>\nWir legen auch gro\u00dfen Wert darauf, Ihnen, wann immer sich die Gelegenheit dazu bietet, einen Einblick in Brauchtum und Gepflogenheiten der Gegend zu vermitteln.<br \/>\nSie k\u00f6nnen Touren miteinander kombinieren und haben so eine wunderbare Gelegenheit, die Gegend zu Fu\u00df zu erkunden. Evoramonte geh\u00f6rte in der Vergangenheit zu den bedeutenden Gemeinden des Mittleren Alentejo und besticht weiterhin durch herrliche Landschaften und kulturelle und architektonische Sch\u00e4tze.<\/p>\n\t\t\t\t\t<\/div>\n\t\t\t\t\t\t<\/div>\n\t\t\t\t<\/div>\n\t\t\t\t\t\t<\/div>\n\t\t\t\t\t<\/div>\n\t\t<\/div>\n\t\t\t\t<div class=\"elementor-column elementor-col-33 elementor-top-column elementor-element elementor-element-f9b5a8f\" data-id=\"f9b5a8f\" data-element_type=\"column\">\n\t\t\t<div class=\"elementor-column-wrap\">\n\t\t\t\t\t\t\t<div class=\"elementor-widget-wrap\">\n\t\t\t\t\t\t\t\t<\/div>\n\t\t\t\t\t<\/div>\n\t\t<\/div>\n\t\t\t\t<div class=\"elementor-column elementor-col-33 elementor-top-column elementor-element elementor-element-cd893c9\" data-id=\"cd893c9\" data-element_type=\"column\">\n\t\t\t<div class=\"elementor-column-wrap\">\n\t\t\t\t\t\t\t<div class=\"elementor-widget-wrap\">\n\t\t\t\t\t\t\t\t<\/div>\n\t\t\t\t\t<\/div>\n\t\t<\/div>\n\t\t\t\t\t\t\t\t<\/div>\n\t\t\t\t\t<\/div>\n\t\t<\/section>\n\t\t\t\t<section class=\"elementor-section elementor-top-section elementor-element elementor-element-582d429 elementor-section-boxed elementor-section-height-default elementor-section-height-default\" data-id=\"582d429\" data-element_type=\"section\" data-settings=\"{&quot;background_background&quot;:&quot;classic&quot;}\">\n\t\t\t\t\t\t\t<div class=\"elementor-background-overlay\"><\/div>\n\t\t\t\t\t\t\t<div class=\"elementor-container elementor-column-gap-default\">\n\t\t\t\t\t\t\t<div class=\"elementor-row\">\n\t\t\t\t\t<div class=\"elementor-column elementor-col-50 elementor-top-column elementor-element elementor-element-3f07c9c\" data-id=\"3f07c9c\" data-element_type=\"column\">\n\t\t\t<div class=\"elementor-column-wrap elementor-element-populated\">\n\t\t\t\t\t\t\t<div class=\"elementor-widget-wrap\">\n\t\t\t\t\t\t<div class=\"elementor-element elementor-element-c5f8dba elementor-widget elementor-widget-heading\" data-id=\"c5f8dba\" data-element_type=\"widget\" data-widget_type=\"heading.default\">\n\t\t\t\t<div class=\"elementor-widget-container\">\n\t\t\t<h2 class=\"elementor-heading-title elementor-size-default\">Folgen Sie uns auf Instagram<\/h2>\t\t<\/div>\n\t\t\t\t<\/div>\n\t\t\t\t\t\t<\/div>\n\t\t\t\t\t<\/div>\n\t\t<\/div>\n\t\t\t\t<div class=\"elementor-column elementor-col-50 elementor-top-column elementor-element elementor-element-351b10c\" data-id=\"351b10c\" data-element_type=\"column\">\n\t\t\t<div class=\"elementor-column-wrap elementor-element-populated\">\n\t\t\t\t\t\t\t<div class=\"elementor-widget-wrap\">\n\t\t\t\t\t\t<div class=\"elementor-element elementor-element-ed5aa14 elementor-widget elementor-widget-wp-widget-sli-feed\" data-id=\"ed5aa14\" data-element_type=\"widget\" data-widget_type=\"wp-widget-sli-feed.default\">\n\t\t\t\t<div class=\"elementor-widget-container\">\n\t\t\t<h5><\/h5>\t\t<\/div>\n\t\t\t\t<\/div>\n\t\t\t\t\t\t<\/div>\n\t\t\t\t\t<\/div>\n\t\t<\/div>\n\t\t\t\t\t\t\t\t<\/div>\n\t\t\t\t\t<\/div>\n\t\t<\/section>\n\t\t\t\t<section class=\"elementor-section elementor-top-section elementor-element elementor-element-16ee7f41 elementor-section-content-middle elementor-section-boxed elementor-section-height-default elementor-section-height-default\" data-id=\"16ee7f41\" data-element_type=\"section\" data-settings=\"{&quot;background_background&quot;:&quot;classic&quot;}\">\n\t\t\t\t\t\t<div class=\"elementor-container elementor-column-gap-no\">\n\t\t\t\t\t\t\t<div class=\"elementor-row\">\n\t\t\t\t\t<div class=\"elementor-column elementor-col-100 elementor-top-column elementor-element elementor-element-54065860\" data-id=\"54065860\" data-element_type=\"column\">\n\t\t\t<div class=\"elementor-column-wrap elementor-element-populated\">\n\t\t\t\t\t\t\t<div class=\"elementor-widget-wrap\">\n\t\t\t\t\t\t<div class=\"elementor-element elementor-element-79baeee1 elementor-widget elementor-widget-heading\" data-id=\"79baeee1\" data-element_type=\"widget\" data-widget_type=\"heading.default\">\n\t\t\t\t<div class=\"elementor-widget-container\">\n\t\t\t<h4 class=\"elementor-heading-title elementor-size-default\">Schreiben Sie uns<\/h4>\t\t<\/div>\n\t\t\t\t<\/div>\n\t\t\t\t<section class=\"elementor-section elementor-inner-section elementor-element elementor-element-5e2bddfd elementor-section-content-middle elementor-section-boxed elementor-section-height-default elementor-section-height-default\" data-id=\"5e2bddfd\" data-element_type=\"section\">\n\t\t\t\t\t\t<div class=\"elementor-container elementor-column-gap-no\">\n\t\t\t\t\t\t\t<div class=\"elementor-row\">\n\t\t\t\t\t<div class=\"elementor-column elementor-col-50 elementor-inner-column elementor-element elementor-element-451a171b\" data-id=\"451a171b\" data-element_type=\"column\">\n\t\t\t<div class=\"elementor-column-wrap elementor-element-populated\">\n\t\t\t\t\t\t\t<div class=\"elementor-widget-wrap\">\n\t\t\t\t\t\t<div class=\"elementor-element elementor-element-50ee5bae elementor-widget elementor-widget-heading\" data-id=\"50ee5bae\" data-element_type=\"widget\" data-widget_type=\"heading.default\">\n\t\t\t\t<div class=\"elementor-widget-container\">\n\t\t\t<h4 class=\"elementor-heading-title elementor-size-default\">Tel: +351 968 756 310 \/ 967 916 857<\/h4>\t\t<\/div>\n\t\t\t\t<\/div>\n\t\t\t\t<div class=\"elementor-element elementor-element-268cc3b0 elementor-widget elementor-widget-heading\" data-id=\"268cc3b0\" data-element_type=\"widget\" data-widget_type=\"heading.default\">\n\t\t\t\t<div class=\"elementor-widget-container\">\n\t\t\t<h4 class=\"elementor-heading-title elementor-size-default\">Email: geral@andaramonte.pt<\/h4>\t\t<\/div>\n\t\t\t\t<\/div>\n\t\t\t\t<div class=\"elementor-element elementor-element-48c82f80 elementor-widget elementor-widget-heading\" data-id=\"48c82f80\" data-element_type=\"widget\" data-widget_type=\"heading.default\">\n\t\t\t\t<div class=\"elementor-widget-container\">\n\t\t\t<h4 class=\"elementor-heading-title elementor-size-default\"><p>Rua de Santa Maria, 21<\/p><p>7100-314 EVORAMONTE<\/p><p>PORTUGAL<\/p><\/h4>\t\t<\/div>\n\t\t\t\t<\/div>\n\t\t\t\t<div class=\"elementor-element elementor-element-66a3bc8a elementor-widget elementor-widget-heading\" data-id=\"66a3bc8a\" data-element_type=\"widget\" data-widget_type=\"heading.default\">\n\t\t\t\t<div class=\"elementor-widget-container\">\n\t\t\t<h6 class=\"elementor-heading-title elementor-size-default\">ZEITPLAN<\/h6>\t\t<\/div>\n\t\t\t\t<\/div>\n\t\t\t\t<div class=\"elementor-element elementor-element-2d083b06 e-grid-align-left e-grid-align-mobile-center elementor-shape-rounded elementor-grid-0 elementor-widget elementor-widget-social-icons\" data-id=\"2d083b06\" data-element_type=\"widget\" data-widget_type=\"social-icons.default\">\n\t\t\t\t<div class=\"elementor-widget-container\">\n\t\t\t\t\t<div class=\"elementor-social-icons-wrapper elementor-grid\">\n\t\t\t\t\t\t\t<span class=\"elementor-grid-item\">\n\t\t\t\t\t<a class=\"elementor-icon elementor-social-icon elementor-social-icon-facebook-f elementor-animation-grow elementor-repeater-item-2d0da0c\" href=\"https:\/\/www.facebook.com\/andaramonte.em\/\" target=\"_blank\">\n\t\t\t\t\t\t<span class=\"elementor-screen-only\">Facebook-f<\/span>\n\t\t\t\t\t\t<i class=\"fab fa-facebook-f\"><\/i>\t\t\t\t\t<\/a>\n\t\t\t\t<\/span>\n\t\t\t\t\t\t\t<span class=\"elementor-grid-item\">\n\t\t\t\t\t<a class=\"elementor-icon elementor-social-icon elementor-social-icon-instagram elementor-animation-grow elementor-repeater-item-13095ac\" href=\"https:\/\/www.instagram.com\/andaramonte\/\" target=\"_blank\">\n\t\t\t\t\t\t<span class=\"elementor-screen-only\">Instagram<\/span>\n\t\t\t\t\t\t<i class=\"fab fa-instagram\"><\/i>\t\t\t\t\t<\/a>\n\t\t\t\t<\/span>\n\t\t\t\t\t<\/div>\n\t\t\t\t<\/div>\n\t\t\t\t<\/div>\n\t\t\t\t\t\t<\/div>\n\t\t\t\t\t<\/div>\n\t\t<\/div>\n\t\t\t\t<div class=\"elementor-column elementor-col-50 elementor-inner-column elementor-element elementor-element-4ee07d3e\" data-id=\"4ee07d3e\" data-element_type=\"column\">\n\t\t\t<div class=\"elementor-column-wrap\">\n\t\t\t\t\t\t\t<div class=\"elementor-widget-wrap\">\n\t\t\t\t\t\t\t\t<\/div>\n\t\t\t\t\t<\/div>\n\t\t<\/div>\n\t\t\t\t\t\t\t\t<\/div>\n\t\t\t\t\t<\/div>\n\t\t<\/section>\n\t\t\t\t\t\t<\/div>\n\t\t\t\t\t<\/div>\n\t\t<\/div>\n\t\t\t\t\t\t\t\t<\/div>\n\t\t\t\t\t<\/div>\n\t\t<\/section>\n\t\t\t\t<section class=\"elementor-section elementor-top-section elementor-element elementor-element-f30234e elementor-section-boxed elementor-section-height-default elementor-section-height-default\" data-id=\"f30234e\" data-element_type=\"section\" data-settings=\"{&quot;background_background&quot;:&quot;classic&quot;}\">\n\t\t\t\t\t\t<div class=\"elementor-container elementor-column-gap-default\">\n\t\t\t\t\t\t\t<div class=\"elementor-row\">\n\t\t\t\t\t<div class=\"elementor-column elementor-col-100 elementor-top-column elementor-element elementor-element-521eb29\" data-id=\"521eb29\" data-element_type=\"column\">\n\t\t\t<div class=\"elementor-column-wrap\">\n\t\t\t\t\t\t\t<div class=\"elementor-widget-wrap\">\n\t\t\t\t\t\t\t\t<\/div>\n\t\t\t\t\t<\/div>\n\t\t<\/div>\n\t\t\t\t\t\t\t\t<\/div>\n\t\t\t\t\t<\/div>\n\t\t<\/section>\n\t\t\t\t\t\t\t\t\t<\/div>\n\t\t\t<\/div>\n\t\t\t\t\t<\/div>\n\t\t","protected":false},"excerpt":{"rendered":"<p>Anterior Next Andar a Monte Andar a Monte ist ein Familienunternehmen, das aus dem Wunsch entstanden ist, Evoramonte und seine beachtlichen Sehensw\u00fcrdigkeiten besser bekannt zu machen. Das Unternehmen wurde 2018 von uns, Mutter Helena und Tochter Matilde gegr\u00fcndet. Was uns neben unserer Begeisterung f\u00fcr Land, Leute und Brauchtum auszeichnet, sind unsere Sprachkenntnisse. Wir sprechen Deutsch, &#8230; <a title=\"HOME DE\" class=\"read-more\" href=\"https:\/\/andaramonte.pt\/de\/\" aria-label=\"Mehr dazu unter HOME DE\">Weiterlesen<\/a><\/p>\n","protected":false},"author":1,"featured_media":0,"parent":0,"menu_order":0,"comment_status":"closed","ping_status":"closed","template":"elementor_header_footer","meta":{"footnotes":""},"_links":{"self":[{"href":"https:\/\/andaramonte.pt\/de\/wp-json\/wp\/v2\/pages\/17436"}],"collection":[{"href":"https:\/\/andaramonte.pt\/de\/wp-json\/wp\/v2\/pages"}],"about":[{"href":"https:\/\/andaramonte.pt\/de\/wp-json\/wp\/v2\/types\/page"}],"author":[{"embeddable":true,"href":"https:\/\/andaramonte.pt\/de\/wp-json\/wp\/v2\/users\/1"}],"replies":[{"embeddable":true,"href":"https:\/\/andaramonte.pt\/de\/wp-json\/wp\/v2\/comments?post=17436"}],"version-history":[{"count":42,"href":"https:\/\/andaramonte.pt\/de\/wp-json\/wp\/v2\/pages\/17436\/revisions"}],"predecessor-version":[{"id":18584,"href":"https:\/\/andaramonte.pt\/de\/wp-json\/wp\/v2\/pages\/17436\/revisions\/18584"}],"wp:attachment":[{"href":"https:\/\/andaramonte.pt\/de\/wp-json\/wp\/v2\/media?parent=17436"}],"curies":[{"name":"wp","href":"https:\/\/api.w.org\/{rel}","templated":true}]}}